{"id":504,"date":"2026-03-13T13:47:10","date_gmt":"2026-03-13T13:47:10","guid":{"rendered":"https:\/\/celiavrignaud.com\/?page_id=504"},"modified":"2026-03-13T14:40:15","modified_gmt":"2026-03-13T14:40:15","slug":"metions-legales","status":"publish","type":"page","link":"https:\/\/celiavrignaud.com\/index.php\/metions-legales\/","title":{"rendered":"Metions l\u00e9gales"},"content":{"rendered":"\t\t<div data-elementor-type=\"wp-page\" data-elementor-id=\"504\" class=\"elementor elementor-504\">\n\t\t\t\t<div class=\"elementor-element elementor-element-3589606 e-flex e-con-boxed e-con e-parent\" data-id=\"3589606\" data-element_type=\"container\" data-e-type=\"container\" data-settings=\"{&quot;background_background&quot;:&quot;gradient&quot;}\">\n\t\t\t\t\t<div class=\"e-con-inner\">\n\t\t\t\t<div class=\"elementor-element elementor-element-d238053 elementor-widget elementor-widget-text-editor\" data-id=\"d238053\" data-element_type=\"widget\" data-e-type=\"widget\" data-widget_type=\"text-editor.default\">\n\t\t\t\t\t\t\t\t\t<h2>Mentions l\u00e9gales<\/h2><h3>1. \u00c9diteur du site<\/h3><p>Le site <strong><a href=\"https:\/\/celiavrignaud.com\/\">celiavrignaud.com<\/a><\/strong> est \u00e9dit\u00e9 par\u202f: <strong>C\u00e9lia Vrignaud <\/strong>Consultante retraite \u2013 Freelance<br \/>SIRET\u202f: 943\u202f091\u202f710\u202f00013<br \/>Email\u202f: <a href=\"mailto:conseil.vision.retraite@gmail.com\">conseil.vision.retraite@gmail.com<\/a><\/p><p>Directrice de la publication\u202f: <strong>C\u00e9lia\u202fVrignaud<\/strong><\/p><h3>2. H\u00e9bergeur<\/h3><p>Le site est h\u00e9berg\u00e9 par\u202f:<br \/><strong>OVH\u202fSAS<\/strong><br \/>Si\u00e8ge social\u202f: 2\u202frue\u202fKellermann\u202f\u2013\u202f59100\u202fRoubaix\u202f\u2013\u202fFrance<br \/>Capital social\u202f: 10\u202f174\u202f560\u202f\u20ac<br \/>RCS\u202fLille\u202fM\u00e9tropole\u202f424\u202f761\u202f419<br \/>T\u00e9l\u00e9phone\u202f: 09\u202f72\u202f10\u202f10\u202f07<br \/>Site\u202f: <a href=\"https:\/\/www.ovh.com\/\">https:\/\/www.ovh.com<\/a><\/p><h3>3. Propri\u00e9t\u00e9 intellectuelle<\/h3><p>L\u2019ensemble du contenu du site (textes, images, logo, structure, graphisme, etc.) est la propri\u00e9t\u00e9 exclusive de <strong>C\u00e9lia\u202fVrignaud<\/strong>, sauf mention contraire.<br \/>Toute reproduction, distribution, modification ou utilisation de ces \u00e9l\u00e9ments sans autorisation \u00e9crite pr\u00e9alable est strictement interdite.<\/p><h3>4. Responsabilit\u00e9<\/h3><p>L\u2019\u00e9diteur du site s\u2019efforce d\u2019assurer l\u2019exactitude et la mise \u00e0 jour des informations diffus\u00e9es.<br \/>Cependant, aucune garantie n\u2019est donn\u00e9e quant \u00e0 l\u2019exactitude, la compl\u00e9tude ou l\u2019actualit\u00e9 des informations publi\u00e9es.<br \/><strong>C\u00e9lia\u202fVrignaud<\/strong> ne saurait \u00eatre tenue responsable des erreurs, omissions ou dommages r\u00e9sultant de l\u2019acc\u00e8s ou de l\u2019utilisation du site.<\/p><h3>5. Liens externes<\/h3><p>Le site peut contenir des liens vers d\u2019autres sites (par exemple\u202f: profil\u202fLinkedIn, outils partenaires comme\u202fzcal).<br \/>Ces liens sont fournis \u00e0 titre informatif\u202f; <strong>C\u00e9lia\u202fVrignaud<\/strong> n\u2019exerce aucun contr\u00f4le sur ces contenus et d\u00e9cline toute responsabilit\u00e9 quant \u00e0 leur accessibilit\u00e9 ou leur fiabilit\u00e9.<\/p><h3>6. Protection des donn\u00e9es personnelles<\/h3><p>Pour toute information relative \u00e0 la collecte et au traitement des donn\u00e9es personnelles, consultez la <a href=\"https:\/\/celiavrignaud.com\/politique-de-confidentialite-et-cookies\">Politique de confidentialit\u00e9 et de cookies<\/a>.<\/p><h3>7. M\u00e9diation de la consommation<\/h3><p>Conform\u00e9ment \u00e0 l\u2019article\u202fL.612\u20111 du code de la consommation, en cas de litige, le consommateur peut recourir gratuitement \u00e0 un m\u00e9diateur de la consommation\u202f:<\/p><p><strong>Soci\u00e9t\u00e9\u202fM\u00e9diation\u202fProfessionnelle<\/strong><br \/><a href=\"http:\/\/www.mediateur-consommation-smp.fr\/\">http:\/\/www.mediateur-consommation-smp.fr<\/a><br \/>Alteritae \u2013 5\u202frue\u202fSalvaing \u2013\u202f12000\u202fRodez<\/p><h3>8. Droit applicable<\/h3><p>Le pr\u00e9sent site et ses mentions l\u00e9gales sont r\u00e9gis par le <strong>droit fran\u00e7ais<\/strong>.<br \/>En cas de litige, et \u00e0 d\u00e9faut de solution amiable, les tribunaux fran\u00e7ais seront seuls comp\u00e9tents.<\/p>\t\t\t\t\t\t\t\t<\/div>\n\t\t\t\t\t<\/div>\n\t\t\t\t<\/div>\n\t\t<div class=\"elementor-element elementor-element-ad64714 e-flex e-con-boxed e-con e-parent\" data-id=\"ad64714\" data-element_type=\"container\" data-e-type=\"container\" data-settings=\"{&quot;background_background&quot;:&quot;classic&quot;}\">\n\t\t\t\t\t<div class=\"e-con-inner\">\n\t\t<div class=\"elementor-element elementor-element-9b12b0e e-con-full e-flex e-con e-child\" data-id=\"9b12b0e\" data-element_type=\"container\" data-e-type=\"container\">\n\t\t\t\t<div class=\"elementor-element elementor-element-4e7cf2c elementor-widget elementor-widget-heading\" data-id=\"4e7cf2c\" data-element_type=\"widget\" data-e-type=\"widget\" data-widget_type=\"heading.default\">\n\t\t\t\t\t<h3 class=\"elementor-heading-title elementor-size-default\">C\u00e9lia Vrignaud<\/h3>\t\t\t\t<\/div>\n\t\t\t\t<div class=\"elementor-element elementor-element-a90337c elementor-widget elementor-widget-text-editor\" data-id=\"a90337c\" data-element_type=\"widget\" data-e-type=\"widget\" data-widget_type=\"text-editor.default\">\n\t\t\t\t\t\t\t\t\t<p>Consultante experte en retraite, j&rsquo;accompagne les dirigeants, ind\u00e9pendants et actifs dans la pr\u00e9paration sereine de leur retraite.<\/p>\t\t\t\t\t\t\t\t<\/div>\n\t\t\t\t<div class=\"elementor-element elementor-element-67caa1e elementor-shape-circle e-grid-align-left elementor-grid-0 elementor-widget elementor-widget-social-icons\" data-id=\"67caa1e\" data-element_type=\"widget\" data-e-type=\"widget\" data-widget_type=\"social-icons.default\">\n\t\t\t\t\t\t\t<div class=\"elementor-social-icons-wrapper elementor-grid\">\n\t\t\t\t\t\t\t<span class=\"elementor-grid-item\">\n\t\t\t\t\t<a class=\"elementor-icon elementor-social-icon elementor-social-icon-linkedin elementor-repeater-item-004d088\" href=\"https:\/\/www.linkedin.com\/in\/celia-vrignaud\/\" target=\"_blank\">\n\t\t\t\t\t\t<span class=\"elementor-screen-only\">Linkedin<\/span>\n\t\t\t\t\t\t<svg aria-hidden=\"true\" class=\"e-font-icon-svg e-fab-linkedin\" viewBox=\"0 0 448 512\" xmlns=\"http:\/\/www.w3.org\/2000\/svg\"><path d=\"M416 32H31.9C14.3 32 0 46.5 0 64.3v383.4C0 465.5 14.3 480 31.9 480H416c17.6 0 32-14.5 32-32.3V64.3c0-17.8-14.4-32.3-32-32.3zM135.4 416H69V202.2h66.5V416zm-33.2-243c-21.3 0-38.5-17.3-38.5-38.5S80.9 96 102.2 96c21.2 0 38.5 17.3 38.5 38.5 0 21.3-17.2 38.5-38.5 38.5zm282.1 243h-66.4V312c0-24.8-.5-56.7-34.5-56.7-34.6 0-39.9 27-39.9 54.9V416h-66.4V202.2h63.7v29.2h.9c8.9-16.8 30.6-34.5 62.9-34.5 67.2 0 79.7 44.3 79.7 101.9V416z\"><\/path><\/svg>\t\t\t\t\t<\/a>\n\t\t\t\t<\/span>\n\t\t\t\t\t<\/div>\n\t\t\t\t\t\t<\/div>\n\t\t\t\t<\/div>\n\t\t<div class=\"elementor-element elementor-element-d2fafff e-con-full e-flex e-con e-child\" data-id=\"d2fafff\" data-element_type=\"container\" data-e-type=\"container\">\n\t\t\t\t<div class=\"elementor-element elementor-element-ba25db2 elementor-widget elementor-widget-heading\" data-id=\"ba25db2\" data-element_type=\"widget\" data-e-type=\"widget\" data-widget_type=\"heading.default\">\n\t\t\t\t\t<h3 class=\"elementor-heading-title elementor-size-default\">Navigation<\/h3>\t\t\t\t<\/div>\n\t\t\t\t<div class=\"elementor-element elementor-element-27c9968 elementor-widget elementor-widget-text-editor\" data-id=\"27c9968\" data-element_type=\"widget\" data-e-type=\"widget\" data-widget_type=\"text-editor.default\">\n\t\t\t\t\t\t\t\t\t<p><a href=\"https:\/\/celiavrignaud.com\/\">Accueil<\/a><\/p><p><a href=\"#pourquoi\">Pourquoi se faire accompagner<\/a><\/p><p><a href=\"#a-propos\">\u00c0 propos<\/a><\/p><p><a href=\"#services\">Services<\/a><\/p><p><a href=\"#tarifs\">Tarifs<\/a><\/p><p><a href=\"#contact\">Contact<\/a><\/p>\t\t\t\t\t\t\t\t<\/div>\n\t\t\t\t<\/div>\n\t\t<div class=\"elementor-element elementor-element-2fa1379 e-con-full e-flex e-con e-child\" data-id=\"2fa1379\" data-element_type=\"container\" data-e-type=\"container\">\n\t\t\t\t<div class=\"elementor-element elementor-element-87cd02f elementor-widget elementor-widget-heading\" data-id=\"87cd02f\" data-element_type=\"widget\" data-e-type=\"widget\" data-widget_type=\"heading.default\">\n\t\t\t\t\t<h3 class=\"elementor-heading-title elementor-size-default\">Contact<\/h3>\t\t\t\t<\/div>\n\t\t\t\t<div class=\"elementor-element elementor-element-a44efb4 elementor-widget elementor-widget-text-editor\" data-id=\"a44efb4\" data-element_type=\"widget\" data-e-type=\"widget\" data-widget_type=\"text-editor.default\">\n\t\t\t\t\t\t\t\t\t<p><img decoding=\"async\" class=\"alignnone wp-image-330 \" src=\"http:\/\/celiavrignaud.com\/wp-content\/uploads\/2026\/03\/phone-3-300x300.png\" alt=\"\" width=\"16\" height=\"16\" srcset=\"https:\/\/celiavrignaud.com\/wp-content\/uploads\/2026\/03\/phone-3-300x300.png 300w, https:\/\/celiavrignaud.com\/wp-content\/uploads\/2026\/03\/phone-3-150x150.png 150w, https:\/\/celiavrignaud.com\/wp-content\/uploads\/2026\/03\/phone-3.png 501w\" sizes=\"(max-width: 16px) 100vw, 16px\" \/>\u00a0 \u00a006 59 49 63 38<\/p><p><img decoding=\"async\" class=\"alignnone wp-image-331\" src=\"http:\/\/celiavrignaud.com\/wp-content\/uploads\/2026\/03\/mail-300x300.png\" alt=\"\" width=\"15\" height=\"15\" srcset=\"https:\/\/celiavrignaud.com\/wp-content\/uploads\/2026\/03\/mail-300x300.png 300w, https:\/\/celiavrignaud.com\/wp-content\/uploads\/2026\/03\/mail-150x150.png 150w, https:\/\/celiavrignaud.com\/wp-content\/uploads\/2026\/03\/mail.png 501w\" sizes=\"(max-width: 15px) 100vw, 15px\" \/>\u00a0 \u00a0conseil.vision.retraite@gmail.com<\/p><p><img decoding=\"async\" class=\"alignnone wp-image-332\" src=\"http:\/\/celiavrignaud.com\/wp-content\/uploads\/2026\/03\/localisation-300x300.png\" alt=\"\" width=\"15\" height=\"15\" srcset=\"https:\/\/celiavrignaud.com\/wp-content\/uploads\/2026\/03\/localisation-300x300.png 300w, https:\/\/celiavrignaud.com\/wp-content\/uploads\/2026\/03\/localisation-150x150.png 150w, https:\/\/celiavrignaud.com\/wp-content\/uploads\/2026\/03\/localisation.png 501w\" sizes=\"(max-width: 15px) 100vw, 15px\" \/>\u00a0 \u00a0Rouen, France \u2022 Consultations \u00e0 distance<\/p>\t\t\t\t\t\t\t\t<\/div>\n\t\t\t\t<\/div>\n\t\t\t\t\t<\/div>\n\t\t\t\t<\/div>\n\t\t<div class=\"elementor-element elementor-element-1fc9de5 e-flex e-con-boxed e-con e-parent\" data-id=\"1fc9de5\" data-element_type=\"container\" data-e-type=\"container\" data-settings=\"{&quot;background_background&quot;:&quot;classic&quot;}\">\n\t\t\t\t\t<div class=\"e-con-inner\">\n\t\t<div class=\"elementor-element elementor-element-0176bd9 e-con-full e-flex e-con e-child\" data-id=\"0176bd9\" data-element_type=\"container\" data-e-type=\"container\">\n\t\t\t\t<div class=\"elementor-element elementor-element-2689397 elementor-widget elementor-widget-text-editor\" data-id=\"2689397\" data-element_type=\"widget\" data-e-type=\"widget\" data-widget_type=\"text-editor.default\">\n\t\t\t\t\t\t\t\t\t<p>\u00a9 2026 C\u00e9lia Vrignaud &#8211; Consultante Retraite. Tous droits r\u00e9serv\u00e9s. Site r\u00e9alis\u00e9 par <a href=\"https:\/\/studionebuleuse.fr\/\">Am\u00e9lie Didio &#8211; Studio N\u00e9buleuse<\/a><\/p>\t\t\t\t\t\t\t\t<\/div>\n\t\t\t\t<\/div>\n\t\t<div class=\"elementor-element elementor-element-8eaa7b4 e-con-full e-flex e-con e-child\" data-id=\"8eaa7b4\" data-element_type=\"container\" data-e-type=\"container\">\n\t\t\t\t<div class=\"elementor-element elementor-element-26dff37 elementor-widget elementor-widget-text-editor\" data-id=\"26dff37\" data-element_type=\"widget\" data-e-type=\"widget\" data-widget_type=\"text-editor.default\">\n\t\t\t\t\t\t\t\t\t<p><a href=\"https:\/\/celiavrignaud.com\/index.php\/metions-legales\/\">Mentions l\u00e9gales<\/a> \u2022 <a href=\"https:\/\/celiavrignaud.com\/index.php\/politique-de-cookies\/\">Confidentialit\u00e9<\/a> \u2022 <a href=\"https:\/\/celiavrignaud.com\/index.php\/cgv\/\">CGV<\/a><\/p>\n<p><a href=\"http:\/\/www.mediateur-consommation-smp.fr\">M\u00e9diation de la consommation\u202f: Soci\u00e9t\u00e9 M\u00e9diation Professionnelle<\/a><\/p>\t\t\t\t\t\t\t\t<\/div>\n\t\t\t\t<\/div>\n\t\t\t\t\t<\/div>\n\t\t\t\t<\/div>\n\t\t\t\t<\/div>\n\t\t","protected":false},"excerpt":{"rendered":"<p>Mentions l\u00e9gales 1. \u00c9diteur du site Le site celiavrignaud.com est \u00e9dit\u00e9 par\u202f: C\u00e9lia Vrignaud Consultante retraite \u2013 FreelanceSIRET\u202f: 943\u202f091\u202f710\u202f00013Email\u202f: conseil.vision.retraite@gmail.com [&hellip;]<\/p>\n","protected":false},"author":1,"featured_media":0,"parent":0,"menu_order":0,"comment_status":"closed","ping_status":"closed","template":"elementor_header_footer","meta":{"site-sidebar-layout":"no-sidebar","site-content-layout":"","ast-site-content-layout":"full-width-container","site-content-style":"default","site-sidebar-style":"default","ast-global-header-display":"","ast-banner-title-visibility":"","ast-main-header-display":"","ast-hfb-above-header-display":"","ast-hfb-below-header-display":"","ast-hfb-mobile-header-display":"","site-post-title":"","ast-breadcrumbs-content":"","ast-featured-img":"disabled","footer-sml-layout":"","ast-disable-related-posts":"","theme-transparent-header-meta":"","adv-header-id-meta":"","stick-header-meta":"","header-above-stick-meta":"","header-main-stick-meta":"","header-below-stick-meta":"","astra-migrate-meta-layouts":"default","ast-page-background-enabled":"default","ast-page-background-meta":{"desktop":{"background-color":"var(--ast-global-color-5)","background-image":"","background-repeat":"repeat","background-position":"center center","background-size":"auto","background-attachment":"scroll","background-type":"","background-media":"","overlay-type":"","overlay-color":"","overlay-opacity":"","overlay-gradient":""},"tablet":{"background-color":"","background-image":"","background-repeat":"repeat","background-position":"center center","background-size":"auto","background-attachment":"scroll","background-type":"","background-media":"","overlay-type":"","overlay-color":"","overlay-opacity":"","overlay-gradient":""},"mobile":{"background-color":"","background-image":"","background-repeat":"repeat","background-position":"center center","background-size":"auto","background-attachment":"scroll","background-type":"","background-media":"","overlay-type":"","overlay-color":"","overlay-opacity":"","overlay-gradient":""}},"ast-content-background-meta":{"desktop":{"background-color":"var(--ast-global-color-4)","background-image":"","background-repeat":"repeat","background-position":"center center","background-size":"auto","background-attachment":"scroll","background-type":"","background-media":"","overlay-type":"","overlay-color":"","overlay-opacity":"","overlay-gradient":""},"tablet":{"background-color":"var(--ast-global-color-4)","background-image":"","background-repeat":"repeat","background-position":"center center","background-size":"auto","background-attachment":"scroll","background-type":"","background-media":"","overlay-type":"","overlay-color":"","overlay-opacity":"","overlay-gradient":""},"mobile":{"background-color":"var(--ast-global-color-4)","background-image":"","background-repeat":"repeat","background-position":"center center","background-size":"auto","background-attachment":"scroll","background-type":"","background-media":"","overlay-type":"","overlay-color":"","overlay-opacity":"","overlay-gradient":""}},"footnotes":""},"class_list":["post-504","page","type-page","status-publish","hentry"],"yoast_head":"<!-- This site is optimized with the Yoast SEO plugin v27.1.1 - https:\/\/yoast.com\/product\/yoast-seo-wordpress\/ -->\n<title>Metions l\u00e9gales - Conseil Vision Retraite<\/title>\n<meta name=\"robots\" content=\"index, follow, max-snippet:-1, max-image-preview:large, max-video-preview:-1\" \/>\n<link rel=\"canonical\" href=\"https:\/\/celiavrignaud.com\/index.php\/metions-legales\/\" \/>\n<meta property=\"og:locale\" content=\"fr_FR\" \/>\n<meta property=\"og:type\" content=\"article\" \/>\n<meta property=\"og:title\" content=\"Metions l\u00e9gales - Conseil Vision Retraite\" \/>\n<meta property=\"og:description\" content=\"Mentions l\u00e9gales 1. \u00c9diteur du site Le site celiavrignaud.com est \u00e9dit\u00e9 par\u202f: C\u00e9lia Vrignaud Consultante retraite \u2013 FreelanceSIRET\u202f: 943\u202f091\u202f710\u202f00013Email\u202f: conseil.vision.retraite@gmail.com [&hellip;]\" \/>\n<meta property=\"og:url\" content=\"https:\/\/celiavrignaud.com\/index.php\/metions-legales\/\" \/>\n<meta property=\"og:site_name\" content=\"Conseil Vision Retraite\" \/>\n<meta property=\"article:modified_time\" content=\"2026-03-13T14:40:15+00:00\" \/>\n<meta property=\"og:image\" content=\"http:\/\/celiavrignaud.com\/wp-content\/uploads\/2026\/03\/phone-3-300x300.png\" \/>\n<meta name=\"twitter:card\" content=\"summary_large_image\" \/>\n<meta name=\"twitter:label1\" content=\"Dur\u00e9e de lecture estim\u00e9e\" \/>\n\t<meta name=\"twitter:data1\" content=\"3 minutes\" \/>\n<script type=\"application\/ld+json\" class=\"yoast-schema-graph\">{\"@context\":\"https:\/\/schema.org\",\"@graph\":[{\"@type\":\"WebPage\",\"@id\":\"https:\/\/celiavrignaud.com\/index.php\/metions-legales\/\",\"url\":\"https:\/\/celiavrignaud.com\/index.php\/metions-legales\/\",\"name\":\"Metions l\u00e9gales - Conseil Vision Retraite\",\"isPartOf\":{\"@id\":\"https:\/\/celiavrignaud.com\/#website\"},\"primaryImageOfPage\":{\"@id\":\"https:\/\/celiavrignaud.com\/index.php\/metions-legales\/#primaryimage\"},\"image\":{\"@id\":\"https:\/\/celiavrignaud.com\/index.php\/metions-legales\/#primaryimage\"},\"thumbnailUrl\":\"http:\/\/celiavrignaud.com\/wp-content\/uploads\/2026\/03\/phone-3-300x300.png\",\"datePublished\":\"2026-03-13T13:47:10+00:00\",\"dateModified\":\"2026-03-13T14:40:15+00:00\",\"breadcrumb\":{\"@id\":\"https:\/\/celiavrignaud.com\/index.php\/metions-legales\/#breadcrumb\"},\"inLanguage\":\"fr-FR\",\"potentialAction\":[{\"@type\":\"ReadAction\",\"target\":[\"https:\/\/celiavrignaud.com\/index.php\/metions-legales\/\"]}]},{\"@type\":\"ImageObject\",\"inLanguage\":\"fr-FR\",\"@id\":\"https:\/\/celiavrignaud.com\/index.php\/metions-legales\/#primaryimage\",\"url\":\"https:\/\/celiavrignaud.com\/wp-content\/uploads\/2026\/03\/phone-3.png\",\"contentUrl\":\"https:\/\/celiavrignaud.com\/wp-content\/uploads\/2026\/03\/phone-3.png\",\"width\":501,\"height\":501},{\"@type\":\"BreadcrumbList\",\"@id\":\"https:\/\/celiavrignaud.com\/index.php\/metions-legales\/#breadcrumb\",\"itemListElement\":[{\"@type\":\"ListItem\",\"position\":1,\"name\":\"Accueil\",\"item\":\"https:\/\/celiavrignaud.com\/\"},{\"@type\":\"ListItem\",\"position\":2,\"name\":\"Metions l\u00e9gales\"}]},{\"@type\":\"WebSite\",\"@id\":\"https:\/\/celiavrignaud.com\/#website\",\"url\":\"https:\/\/celiavrignaud.com\/\",\"name\":\"Conseil Vision Retraite\",\"description\":\"\",\"publisher\":{\"@id\":\"https:\/\/celiavrignaud.com\/#organization\"},\"potentialAction\":[{\"@type\":\"SearchAction\",\"target\":{\"@type\":\"EntryPoint\",\"urlTemplate\":\"https:\/\/celiavrignaud.com\/?s={search_term_string}\"},\"query-input\":{\"@type\":\"PropertyValueSpecification\",\"valueRequired\":true,\"valueName\":\"search_term_string\"}}],\"inLanguage\":\"fr-FR\"},{\"@type\":\"Organization\",\"@id\":\"https:\/\/celiavrignaud.com\/#organization\",\"name\":\"Conseil Vision Retraite\",\"url\":\"https:\/\/celiavrignaud.com\/\",\"logo\":{\"@type\":\"ImageObject\",\"inLanguage\":\"fr-FR\",\"@id\":\"https:\/\/celiavrignaud.com\/#\/schema\/logo\/image\/\",\"url\":\"https:\/\/celiavrignaud.com\/wp-content\/uploads\/2026\/01\/cropped-logo-blanc.png\",\"contentUrl\":\"https:\/\/celiavrignaud.com\/wp-content\/uploads\/2026\/01\/cropped-logo-blanc.png\",\"width\":501,\"height\":426,\"caption\":\"Conseil Vision Retraite\"},\"image\":{\"@id\":\"https:\/\/celiavrignaud.com\/#\/schema\/logo\/image\/\"}}]}<\/script>\n<!-- \/ Yoast SEO plugin. -->","yoast_head_json":{"title":"Metions l\u00e9gales - Conseil Vision Retraite","robots":{"index":"index","follow":"follow","max-snippet":"max-snippet:-1","max-image-preview":"max-image-preview:large","max-video-preview":"max-video-preview:-1"},"canonical":"https:\/\/celiavrignaud.com\/index.php\/metions-legales\/","og_locale":"fr_FR","og_type":"article","og_title":"Metions l\u00e9gales - Conseil Vision Retraite","og_description":"Mentions l\u00e9gales 1. \u00c9diteur du site Le site celiavrignaud.com est \u00e9dit\u00e9 par\u202f: C\u00e9lia Vrignaud Consultante retraite \u2013 FreelanceSIRET\u202f: 943\u202f091\u202f710\u202f00013Email\u202f: conseil.vision.retraite@gmail.com [&hellip;]","og_url":"https:\/\/celiavrignaud.com\/index.php\/metions-legales\/","og_site_name":"Conseil Vision Retraite","article_modified_time":"2026-03-13T14:40:15+00:00","og_image":[{"url":"http:\/\/celiavrignaud.com\/wp-content\/uploads\/2026\/03\/phone-3-300x300.png","type":"","width":"","height":""}],"twitter_card":"summary_large_image","twitter_misc":{"Dur\u00e9e de lecture estim\u00e9e":"3 minutes"},"schema":{"@context":"https:\/\/schema.org","@graph":[{"@type":"WebPage","@id":"https:\/\/celiavrignaud.com\/index.php\/metions-legales\/","url":"https:\/\/celiavrignaud.com\/index.php\/metions-legales\/","name":"Metions l\u00e9gales - Conseil Vision Retraite","isPartOf":{"@id":"https:\/\/celiavrignaud.com\/#website"},"primaryImageOfPage":{"@id":"https:\/\/celiavrignaud.com\/index.php\/metions-legales\/#primaryimage"},"image":{"@id":"https:\/\/celiavrignaud.com\/index.php\/metions-legales\/#primaryimage"},"thumbnailUrl":"http:\/\/celiavrignaud.com\/wp-content\/uploads\/2026\/03\/phone-3-300x300.png","datePublished":"2026-03-13T13:47:10+00:00","dateModified":"2026-03-13T14:40:15+00:00","breadcrumb":{"@id":"https:\/\/celiavrignaud.com\/index.php\/metions-legales\/#breadcrumb"},"inLanguage":"fr-FR","potentialAction":[{"@type":"ReadAction","target":["https:\/\/celiavrignaud.com\/index.php\/metions-legales\/"]}]},{"@type":"ImageObject","inLanguage":"fr-FR","@id":"https:\/\/celiavrignaud.com\/index.php\/metions-legales\/#primaryimage","url":"https:\/\/celiavrignaud.com\/wp-content\/uploads\/2026\/03\/phone-3.png","contentUrl":"https:\/\/celiavrignaud.com\/wp-content\/uploads\/2026\/03\/phone-3.png","width":501,"height":501},{"@type":"BreadcrumbList","@id":"https:\/\/celiavrignaud.com\/index.php\/metions-legales\/#breadcrumb","itemListElement":[{"@type":"ListItem","position":1,"name":"Accueil","item":"https:\/\/celiavrignaud.com\/"},{"@type":"ListItem","position":2,"name":"Metions l\u00e9gales"}]},{"@type":"WebSite","@id":"https:\/\/celiavrignaud.com\/#website","url":"https:\/\/celiavrignaud.com\/","name":"Conseil Vision Retraite","description":"","publisher":{"@id":"https:\/\/celiavrignaud.com\/#organization"},"potentialAction":[{"@type":"SearchAction","target":{"@type":"EntryPoint","urlTemplate":"https:\/\/celiavrignaud.com\/?s={search_term_string}"},"query-input":{"@type":"PropertyValueSpecification","valueRequired":true,"valueName":"search_term_string"}}],"inLanguage":"fr-FR"},{"@type":"Organization","@id":"https:\/\/celiavrignaud.com\/#organization","name":"Conseil Vision Retraite","url":"https:\/\/celiavrignaud.com\/","logo":{"@type":"ImageObject","inLanguage":"fr-FR","@id":"https:\/\/celiavrignaud.com\/#\/schema\/logo\/image\/","url":"https:\/\/celiavrignaud.com\/wp-content\/uploads\/2026\/01\/cropped-logo-blanc.png","contentUrl":"https:\/\/celiavrignaud.com\/wp-content\/uploads\/2026\/01\/cropped-logo-blanc.png","width":501,"height":426,"caption":"Conseil Vision Retraite"},"image":{"@id":"https:\/\/celiavrignaud.com\/#\/schema\/logo\/image\/"}}]}},"_links":{"self":[{"href":"https:\/\/celiavrignaud.com\/index.php\/wp-json\/wp\/v2\/pages\/504","targetHints":{"allow":["GET"]}}],"collection":[{"href":"https:\/\/celiavrignaud.com\/index.php\/wp-json\/wp\/v2\/pages"}],"about":[{"href":"https:\/\/celiavrignaud.com\/index.php\/wp-json\/wp\/v2\/types\/page"}],"author":[{"embeddable":true,"href":"https:\/\/celiavrignaud.com\/index.php\/wp-json\/wp\/v2\/users\/1"}],"replies":[{"embeddable":true,"href":"https:\/\/celiavrignaud.com\/index.php\/wp-json\/wp\/v2\/comments?post=504"}],"version-history":[{"count":19,"href":"https:\/\/celiavrignaud.com\/index.php\/wp-json\/wp\/v2\/pages\/504\/revisions"}],"predecessor-version":[{"id":534,"href":"https:\/\/celiavrignaud.com\/index.php\/wp-json\/wp\/v2\/pages\/504\/revisions\/534"}],"wp:attachment":[{"href":"https:\/\/celiavrignaud.com\/index.php\/wp-json\/wp\/v2\/media?parent=504"}],"curies":[{"name":"wp","href":"https:\/\/api.w.org\/{rel}","templated":true}]}}